{"id":1916,"date":"2014-09-15T03:14:21","date_gmt":"2014-09-15T03:14:21","guid":{"rendered":"http:\/\/veented.com\/workshops\/north\/north2\/?page_id=1916"},"modified":"2023-04-02T16:48:30","modified_gmt":"2023-04-02T14:48:30","slug":"home","status":"publish","type":"page","link":"https:\/\/diehartmannsin257.de\/","title":{"rendered":"Home"},"content":{"rendered":"<p>[vc_row el_id=&#8220;first&#8220; content_width=&#8220;fullwidth&#8220; css=&#8220;.vc_custom_1405098881992{padding-top: 0px !important;padding-bottom: 0px !important;}&#8220; fullwidth=&#8220;yes&#8220; row_width=&#8220;fullwidth&#8220;][vc_column]<div id=\"fullscreen-777\" class=\"vntd-fullscreen-slider fullscreen-slider-style1\" style=\"height:600px;\">\n\t<style type=\"text\/css\">\n\n\t#fullscreen-777 .slides-container .image1 { background-image:url(https:\/\/diehartmannsin257.de\/wp-content\/uploads\/2023\/04\/frontbw.jpg); }#fullscreen-777 .slides-container .image2 { background-image:url(https:\/\/diehartmannsin257.de\/wp-content\/uploads\/2023\/04\/backbw.jpg); }\n\t<\/style>\n\t<!-- Ful Screen Home -->\n\t<div class=\"fullscreen-slider\" data-bg-sliderspeed=\"12000\" data-bg-animationspeed=\"800\" data-bg-animationtype=\"fade\">\n\t\t<!-- Slides -->\n\t\t\t\t<div class=\"slides-container relative\">\n\t\t\t<!-- Slider Images -->\n\n\t\t\t<div class=\"image1 soft-black-bg parallax\"><\/div><div class=\"image2 soft-black-bg parallax\"><\/div>\n\t\t\t<!-- End Slider Images -->\n\t\t<\/div>\n\n\t\t<!-- End Slides -->\n\n\t\t<!-- Slider Controls -->\n\t\t<nav class=\"slides-navigation\">\n\t\t\t<a href=\"#\" class=\"next\"><\/a>\n\t\t\t<a href=\"#\" class=\"prev\"><\/a>\n\t\t<\/nav>\n\t<\/div>\n\t<!-- End Ful Screen Home -->\n\n\t<!-- Home Elements v1 -->\n\t<div class=\"home-elements\">\n\t\t<!-- Home Inner -->\n\n\t\t\n\t\t<!-- Home Inner -->\n\t\t<div class=\"home-inner v2 t-center\">\n\n\t\t\t\n\t\t\t<!-- Home Text Slider -->\n\t\t\t<div class=\"home-text-slider relative animated vntd-animated\"  data-animation=\"fadeInDown\" data-animation-delay=\"300\">\n\t\t\t\t<div class=\"text-slider clearfix\" data-slideshowspeed=\"5000\" data-animationspeed=\"600\">\n\t\t\t\t\t<!-- Home Text Slides -->\n\t\t\t\t\t<ul class=\"home-texts clearfix t-center semibold\">\n\t\t\t\t\t\t<li class=\"slide white uppercase\">Fahrschule Die Hartmanns<\/li><li class=\"slide white uppercase\">Fahrschule Die Hartmanns<\/li>\t\t\t\t\t<\/ul>\n\t\t\t\t\t<!-- End Home Text Slides -->\n\t\t\t\t\t<!-- Home Fixed Text -->\n\t\t\t<h1 class=\"home-fixed-text t-center animated vntd-animated\" data-animation=\"fadeInUp\" data-animation-delay=\"300\">Deine Fahrschule in Essen Kupferdreh<\/h1>\n\t\t\t\t<\/div>\n\t\t\t<\/div>\n\t\t\t<!-- End Home Text Slider -->\n\n\t\t\t\n\t\t\t\t\t<\/div><!-- End Home Inner -->\n\n\t\t\t<\/div><!-- End Home Elements -->\n\n\t<\/div>[\/vc_column][\/vc_row][vc_row color_scheme=&#8220;white&#8220; css=&#8220;.vc_custom_1405422234264{padding-top: 0px !important;padding-bottom: 0px !important;background-color: #1f1f1f !important;}&#8220;][vc_column]<div class=\"vntd-cta vntd-cta-style-default\"><div class=\"content-left white\"><h2 class=\"vntd-cta-heading content-head\">F\u00fchrerschein n\u00f6tig?<\/h2><p class=\"subtitle-text\">Ein Fu\u00dfg\u00e4nger ist ein gl\u00fccklicher Autofahrer, der einen Parkplatz gefunden hat<\/p><\/div><div class=\"content-right white\"><a href=\"#kontakt\" target=\"_self\" class=\"page-content-button scroll font-primary uppercase white\">Jetzt anmelden<\/a><\/div><\/div>[\/vc_column][\/vc_row][vc_row full_height=&#8220;yes&#8220; el_id=&#8220;about&#8220;][vc_column]<div class=\"vntd-special-heading\"style=\"margin-bottom:65px;\"><h1 class=\"header  animated vntd-animated\" data-animation=\"fadeIn\" data-animation-delay=\"100\">\u00dcber uns<\/h1><div class=\"header-strips-one  animated vntd-animated\" data-animation=\"fadeIn\" data-animation-delay=\"100\"><\/div><\/div>[vc_column_text]<\/p>\n<p style=\"text-align: center; font-size: 14px;\">Wir, die Fahrschule &#8222;Die Hartmanns&#8220;, starten seit Januar 2023 unter alter Adresse mit mir als Neugr\u00fcnder in Essen Kupferdreh durch.<\/p>\n<p style=\"text-align: center; font-size: 14px;\">Wir stehen f\u00fcr Ehrlichkeit und einer offenen Kommunikation und gehen gezielt auf eure Bed\u00fcrfnisse ein, ohne Druck oder Stress aufzubauen.<\/p>\n<p style=\"text-align: center; font-size: 14px;\">Mit abwechslungsreichen Theorieunterrichten an zwei Tagen die Woche entsteht f\u00fcr euch eine verzahnte Ausbildung zwischen Theorie und Praxis.<\/p>\n<p>[\/vc_column_text][\/vc_column][\/vc_row][vc_row full_height=&#8220;yes&#8220; parallax=&#8220;yes&#8220; el_id=&#8220;klassen&#8220; color_scheme=&#8220;white&#8220; bg_overlay=&#8220;dark&#8220; css=&#8220;.vc_custom_1680446015925{background-image: url(https:\/\/diehartmannsin257.de\/wp-content\/uploads\/2014\/07\/i11.jpg?id=536) !important;}&#8220; darken=&#8220;dark&#8220;][vc_column]<div class=\"vntd-special-heading\"style=\"margin-bottom:0px;\"><h1 class=\"header  animated vntd-animated\" data-animation=\"fadeIn\" data-animation-delay=\"100\">F\u00fchrerscheinklassen<\/h1><div class=\"header-strips-one  animated vntd-animated\" data-animation=\"fadeIn\" data-animation-delay=\"100\"><\/div><h2 class=\"description normal  animated vntd-animated\" data-animation=\"fadeIn\" data-animation-delay=\"100\">Unsere aktuellen Ausbildungskurse<\/h2><\/div><div class=\"vntd-tabs-stylish t-center \"><div id=\"w-options\" class=\"filter-menu fullwidth\"><ul id=\"w-filters\" class=\"w-option-set relative normal font-primary uppercase\" data-option-key=\"filter\"><li class=\"animated flipInY visible\" data-animation=\"flipInY\" data-animation-delay=\"100\"><a class=\"soft-bg-icons selected\" href=\"#filter\" data-option-value=\".tab-85828\"><span>Klasse B<\/span><\/a><\/li><li class=\"animated flipInY visible\" data-animation=\"flipInY\" data-animation-delay=\"200\"><a class=\"soft-bg-icons\" href=\"#filter\" data-option-value=\".tab-77636\"><span>Klasse B197<\/span><\/a><\/li><li class=\"animated flipInY visible\" data-animation=\"flipInY\" data-animation-delay=\"300\"><a class=\"soft-bg-icons\" href=\"#filter\" data-option-value=\".tab-36133\"><span>Klasse B96<\/span><\/a><\/li><li class=\"animated flipInY visible\" data-animation=\"flipInY\" data-animation-delay=\"400\"><a class=\"soft-bg-icons\" href=\"#filter\" data-option-value=\".tab-32613\"><span>Klasse BE<\/span><\/a><\/li><\/div><div class=\"w-items t-left isotope\"><div class=\"w-item white tab-85828\"><div class=\"wpb_text_column wpb_content_element \"><div class=\"wpb_wrapper\"><h2 class=\"w-item__heading\">Klasse B<\/h2><div class=\"north-tab-content\">Contrary to popular belief, Lorem Ipsum is not simply random text. It has roots in a piece of classical Latin literature from 45 BC, making it over 2000 years old. Rich McClintock not simply. There are many variations of passages of Lorem Ipsum available, but the majority have suffered alteration in some form.<\/div><\/div><\/div><\/div><div class=\"w-item white tab-77636\"><div class=\"wpb_text_column wpb_content_element \"><div class=\"wpb_wrapper\"><h2 class=\"w-item__heading\">Klasse B197<\/h2><div class=\"north-tab-content\">There are many variations of passages of Lorem Ipsum available, but the majority have suffered alteration in some form, by injected humour, or randomised words which don\u2019t look even snormally believable. If you are going to use a passage of Lorem Ipsum, you need to be sure there isn\u2019t anything embarrassing hidden in the middle of text. All the Lorem Ipsum generators on the Internet tend to repeat predefined chunks as necessary, making this the first true generator on the Internet. It uses a dictionary of over 200 Latin words, combined with a handful of model sentence structures, to generate Lorem Ipsum which looks reasonable. The generated Lorem Ipsum is therefore always free from repetition, injected humour, or non-characteristic words etc.<\/div><\/div><\/div><\/div><div class=\"w-item white tab-36133\"><div class=\"wpb_text_column wpb_content_element \"><div class=\"wpb_wrapper\"><h2 class=\"w-item__heading\">Klasse B96<\/h2><div class=\"north-tab-content\">It is a long established fact that a reader will be distracted by the readable content of a page when looking at its layout. The point of using Lorem Ipsum is that it has a more-or-less normal distribution of letters, as opposed to using \u2018Content here, content here\u2019, making it look like readable English.<\/div><\/div><\/div><\/div><div class=\"w-item white tab-32613\"><div class=\"wpb_text_column wpb_content_element \"><div class=\"wpb_wrapper\"><h2 class=\"w-item__heading\">Klasse BE<\/h2><div class=\"north-tab-content\">It is a long established fact that a reader will be distracted by the readable content of a page when looking at its layout. The point of using Lorem Ipsum is that it has a more-or-less normal distribution of letters, as opposed to using \u2018Content here, content here\u2019, making it look like readable English.<\/div><\/div><\/div><\/div><\/div><\/div>[\/vc_column][\/vc_row][vc_row full_height=&#8220;yes&#8220; el_id=&#8220;fahrzeuge&#8220;][vc_column]<div class=\"vntd-special-heading\"style=\"margin-bottom:0px;\"><h1 class=\"header  animated vntd-animated\" data-animation=\"fadeIn\" data-animation-delay=\"100\">Unsere Ausbildungsfahrzeuge<\/h1><div class=\"header-strips-one  animated vntd-animated\" data-animation=\"fadeIn\" data-animation-delay=\"100\"><\/div><h2 class=\"description normal  animated vntd-animated\" data-animation=\"fadeIn\" data-animation-delay=\"100\">Schaltwagen oder Automatik<\/h2><\/div>[vc_empty_space][vc_row_inner][vc_column_inner width=&#8220;1\/2&#8243;][vc_column_text]<\/p>\n<h4>Kia Ceed<\/h4>\n<p>Der Kia Ceed wirkt gereift und athletisch \u2013 ein selbstbewusster Look, mit viel Fingerspitzengef\u00fchl entworfen und pr\u00e4zise umgesetzt.[\/vc_column_text][vc_single_image image=&#8220;2044&#8243; img_size=&#8220;full&#8220;][\/vc_column_inner][vc_column_inner width=&#8220;1\/2&#8243;][vc_column_text]<\/p>\n<h4 style=\"text-align: right;\">Kia XCeed Hybird<\/h4>\n<p style=\"text-align: right;\">Mit dem Kia XCeed als Hybrid Version wird Unabh\u00e4ngigkeit zu deinem neuen Lieblingsgef\u00fchl.<\/p>\n<p>[\/vc_column_text][vc_single_image image=&#8220;2043&#8243; img_size=&#8220;full&#8220;][\/vc_column_inner][\/vc_row_inner][\/vc_column][\/vc_row][vc_row full_height=&#8220;yes&#8220; el_id=&#8220;kontakt&#8220;][vc_column]<div class=\"vntd-special-heading\"style=\"margin-bottom:0px;\"><h1 class=\"header  animated vntd-animated\" data-animation=\"fadeIn\" data-animation-delay=\"100\">Kontakt<\/h1><div class=\"header-strips-one  animated vntd-animated\" data-animation=\"fadeIn\" data-animation-delay=\"100\"><\/div><h2 class=\"description normal  animated vntd-animated\" data-animation=\"fadeIn\" data-animation-delay=\"100\">So erreichst du uns<\/h2><\/div>[vc_row_inner][vc_column_inner width=&#8220;1\/2&#8243;][vc_column_text css=&#8220;.vc_custom_1680382622932{margin-bottom: -25px !important;}&#8220;]<\/p>\n<h3><strong>Kontaktformular<\/strong><\/h3>\n<p>[\/vc_column_text]<div class=\"contact font-primary\">\n<div class=\"wpcf7 no-js\" id=\"wpcf7-f417-o1\" lang=\"en-US\" dir=\"ltr\" data-wpcf7-id=\"417\">\n<div class=\"screen-reader-response\"><p role=\"status\" aria-live=\"polite\" aria-atomic=\"true\"><\/p> <ul><\/ul><\/div>\n<form action=\"\/index.php?rest_route=%2Fwp%2Fv2%2Fpages%2F1916#wpcf7-f417-o1\" method=\"post\" class=\"wpcf7-form init\" aria-label=\"Contact form\" novalidate=\"novalidate\" data-status=\"init\">\n<fieldset class=\"hidden-fields-container\"><input type=\"hidden\" name=\"_wpcf7\" value=\"417\" \/><input type=\"hidden\" name=\"_wpcf7_version\" value=\"6.1.5\" \/><input type=\"hidden\" name=\"_wpcf7_locale\" value=\"en_US\" \/><input type=\"hidden\" name=\"_wpcf7_unit_tag\" value=\"wpcf7-f417-o1\" \/><input type=\"hidden\" name=\"_wpcf7_container_post\" value=\"0\" \/><input type=\"hidden\" name=\"_wpcf7_posted_data_hash\" value=\"\" \/>\n<\/fieldset>\n<p><span class=\"wpcf7-form-control-wrap\" data-name=\"Vorname\"><input size=\"40\" maxlength=\"400\" class=\"wpcf7-form-control wpcf7-text wpcf7-validates-as-required\" aria-required=\"true\" aria-invalid=\"false\" placeholder=\"Vorname\" value=\"\" type=\"text\" name=\"Vorname\" \/><\/span><br \/>\n<span class=\"wpcf7-form-control-wrap\" data-name=\"Nachname\"><input size=\"40\" maxlength=\"400\" class=\"wpcf7-form-control wpcf7-text wpcf7-validates-as-required\" aria-required=\"true\" aria-invalid=\"false\" placeholder=\"Nachname\" value=\"\" type=\"text\" name=\"Nachname\" \/><\/span><br \/>\n<span class=\"wpcf7-form-control-wrap\" data-name=\"EMail\"><input size=\"40\" maxlength=\"400\" class=\"wpcf7-form-control wpcf7-email wpcf7-validates-as-required wpcf7-text wpcf7-validates-as-email\" aria-required=\"true\" aria-invalid=\"false\" placeholder=\"E-Mail Adresse\" value=\"\" type=\"email\" name=\"EMail\" \/><\/span><br \/>\n<span class=\"wpcf7-form-control-wrap\" data-name=\"Telefon\"><input size=\"40\" maxlength=\"400\" class=\"wpcf7-form-control wpcf7-text\" aria-invalid=\"false\" placeholder=\"Telefon \/ Handy\" value=\"\" type=\"text\" name=\"Telefon\" \/><\/span><br \/>\n<span class=\"wpcf7-form-control-wrap\" data-name=\"Betreff\"><input size=\"40\" maxlength=\"400\" class=\"wpcf7-form-control wpcf7-text wpcf7-validates-as-required\" aria-required=\"true\" aria-invalid=\"false\" placeholder=\"Betreff\" value=\"\" type=\"text\" name=\"Betreff\" \/><\/span><br \/>\n<span class=\"wpcf7-form-control-wrap\" data-name=\"Nachricht\"><textarea cols=\"40\" rows=\"10\" maxlength=\"2000\" class=\"wpcf7-form-control wpcf7-textarea wpcf7-validates-as-required\" aria-required=\"true\" aria-invalid=\"false\" placeholder=\"Deine Nachricht\" name=\"Nachricht\"><\/textarea><\/span><br \/>\n<input class=\"wpcf7-form-control wpcf7-submit has-spinner\" type=\"submit\" value=\"Absenden\" \/>\n<\/p><div class=\"wpcf7-response-output\" aria-hidden=\"true\"><\/div>\n<\/form>\n<\/div>\n<\/div>[\/vc_column_inner][vc_column_inner width=&#8220;1\/2&#8243;][vc_wp_text]<\/p>\n<table style=\"width: 100%; border: 0px; border-style: none;\" cellspacing=\"0\" cellpadding=\"0\">\n<tbody>\n<tr>\n<td style=\"border: 0px; text-align: right;\"><strong>Fahrschule Die Hartmanns<\/strong><br \/>\nByfanger Str. 14<br \/>\n45257 Essen<br \/>\nTel: 0201 94664978<br \/>\nMail: diehartmannsin257@web.de<\/td>\n<td style=\"border: 0px; width: 150px;\"><img decoding=\"async\" class=\"size-medium wp-image-2014 alignright\" src=\"https:\/\/diehartmannsin257.de\/wp-content\/uploads\/2023\/04\/0007d364d6fc7f14d5619bcc797bec0e-300x275.jpg\" alt=\"\" height=\"130\" srcset=\"https:\/\/diehartmannsin257.de\/wp-content\/uploads\/2023\/04\/0007d364d6fc7f14d5619bcc797bec0e-300x275.jpg 300w, https:\/\/diehartmannsin257.de\/wp-content\/uploads\/2023\/04\/0007d364d6fc7f14d5619bcc797bec0e-1024x939.jpg 1024w, https:\/\/diehartmannsin257.de\/wp-content\/uploads\/2023\/04\/0007d364d6fc7f14d5619bcc797bec0e-768x704.jpg 768w, https:\/\/diehartmannsin257.de\/wp-content\/uploads\/2023\/04\/0007d364d6fc7f14d5619bcc797bec0e-880x807.jpg 880w, https:\/\/diehartmannsin257.de\/wp-content\/uploads\/2023\/04\/0007d364d6fc7f14d5619bcc797bec0e-450x412.jpg 450w, https:\/\/diehartmannsin257.de\/wp-content\/uploads\/2023\/04\/0007d364d6fc7f14d5619bcc797bec0e.jpg 1210w\" sizes=\"(max-width: 300px) 100vw, 300px\" \/><\/td>\n<\/tr>\n<\/tbody>\n<\/table>\n<p>[\/vc_wp_text][vc_gmaps link=&#8220;#E-8_JTNDaWZyYW1lJTIwc3JjJTNEJTIyaHR0cHMlM0ElMkYlMkZtYXBzLmdvb2dsZS5jb20lMkZtYXBzJTNGd2lkdGglM0QxMDAlMjUyNSUyNmFtcCUzQmhlaWdodCUzRDYwMCUyNmFtcCUzQmhsJTNEZW4lMjZhbXAlM0JxJTNERXNzZW4lMjUyMEt1cGZlcmRyZWglMjUyMEJ5ZmFuZ2Vyc3RyLiUyNTIwMTQlMkIlMjhGYWhyc2NodWxlJTI1MjBIYXJ0bWFubnMlMjklMjZhbXAlM0J0JTNEJTI2YW1wJTNCeiUzRDE3JTI2YW1wJTNCaWUlM0RVVEY4JTI2YW1wJTNCaXdsb2MlM0RBJTI2YW1wJTNCb3V0cHV0JTNEZW1iZWQlMjIlMjB3aWR0aCUzRCUyMjYwMCUyMiUyMGhlaWdodCUzRCUyMjQ1MCUyMiUyMGZyYW1lYm9yZGVyJTNEJTIyMCUyMiUyMHN0eWxlJTNEJTIyYm9yZGVyJTNBMCUyMiUyMGFsbG93ZnVsbHNjcmVlbiUzRSUzQyUyRmlmcmFtZSUzRQ==&#8220;][\/vc_column_inner][\/vc_row_inner][\/vc_column][\/vc_row]<\/p>\n","protected":false},"excerpt":{"rendered":"<p>[vc_row el_id=&#8220;first&#8220; content_width=&#8220;fullwidth&#8220; css=&#8220;.vc_custom_1405098881992{padding-top: 0px !important;padding-bottom: 0px !important;}&#8220; fullwidth=&#8220;yes&#8220; row_width=&#8220;fullwidth&#8220;][vc_column][\/vc_column][\/vc_row][vc_row color_scheme=&#8220;white&#8220; css=&#8220;.vc_custom_1405422234264{padding-top: 0px !important;padding-bottom: 0px !important;background-color: #1f1f1f !important;}&#8220;][vc_column][\/vc_column][\/vc_row][vc_row full_height=&#8220;yes&#8220; el_id=&#8220;about&#8220;][vc_column][vc_column_text] Wir, die Fahrschule &#8222;Die Hartmanns&#8220;, starten seit Januar 2023 unter alter Adresse mit mir als Neugr\u00fcnder in Essen Kupferdreh durch. Wir stehen f\u00fcr Ehrlichkeit und einer offenen Kommunikation und gehen gezielt auf eure Bed\u00fcrfnisse ein, ohne Druck oder Stress aufzubauen. Mit abwechslungsreichen Theorieunterrichten an zwei Tagen die Woche entsteht f\u00fcr [&hellip;]<\/p>\n","protected":false},"author":1,"featured_media":0,"parent":0,"menu_order":0,"comment_status":"closed","ping_status":"closed","template":"template-onepager.php","meta":{"_crdt_document":"","footnotes":""},"class_list":["post-1916","page","type-page","status-publish","hentry"],"_links":{"self":[{"href":"https:\/\/diehartmannsin257.de\/index.php?rest_route=\/wp\/v2\/pages\/1916","targetHints":{"allow":["GET"]}}],"collection":[{"href":"https:\/\/diehartmannsin257.de\/index.php?rest_route=\/wp\/v2\/pages"}],"about":[{"href":"https:\/\/diehartmannsin257.de\/index.php?rest_route=\/wp\/v2\/types\/page"}],"author":[{"embeddable":true,"href":"https:\/\/diehartmannsin257.de\/index.php?rest_route=\/wp\/v2\/users\/1"}],"replies":[{"embeddable":true,"href":"https:\/\/diehartmannsin257.de\/index.php?rest_route=%2Fwp%2Fv2%2Fcomments&post=1916"}],"version-history":[{"count":89,"href":"https:\/\/diehartmannsin257.de\/index.php?rest_route=\/wp\/v2\/pages\/1916\/revisions"}],"predecessor-version":[{"id":2084,"href":"https:\/\/diehartmannsin257.de\/index.php?rest_route=\/wp\/v2\/pages\/1916\/revisions\/2084"}],"wp:attachment":[{"href":"https:\/\/diehartmannsin257.de\/index.php?rest_route=%2Fwp%2Fv2%2Fmedia&parent=1916"}],"curies":[{"name":"wp","href":"https:\/\/api.w.org\/{rel}","templated":true}]}}